{"id":10,"date":"2026-02-24T16:31:52","date_gmt":"2026-02-24T16:31:52","guid":{"rendered":"https:\/\/murkali.guru\/?page_id=10"},"modified":"2026-02-27T09:31:43","modified_gmt":"2026-02-27T09:31:43","slug":"alquilar-camper-espana","status":"publish","type":"page","link":"https:\/\/murkali.guru\/","title":{"rendered":"Alquilar camper Espa\u00f1a"},"content":{"rendered":"\n<p>Hola, soy Pablo. Si est\u00e1s leyendo esto, seguramente est\u00e1s planeando recorrer Espa\u00f1a sobre ruedas. No voy a venderte la moto con frases de pel\u00edcula sobre la libertad absoluta; prefiero contarte la verdad de quien lleva a\u00f1os manteniendo estas \u00abcasas con motor\u00bb. Alquilar un camper en un sitio como M\u00e1laga es una idea excelente, pero hay que hacerlo con cabeza. Mi flota es peque\u00f1a, pero s\u00e9 exactamente qu\u00e9 tornillo le falta a cada furgoneta. Aqu\u00ed no somos una gran multinacional donde eres un n\u00famero de reserva; aqu\u00ed te doy las llaves yo mismo y te explico c\u00f3mo funciona la bomba de agua para que no te quedes sin ducha a mitad de Sierra Nevada.<\/p>\n\n\n\n<figure class=\"wp-block-image size-full\"><img loading=\"lazy\" decoding=\"async\" width=\"1024\" height=\"768\" src=\"https:\/\/murkali.guru\/wp-content\/uploads\/2026\/02\/3HXgtyfCULzaf.jpg\" alt=\"\" class=\"wp-image-12\" srcset=\"https:\/\/murkali.guru\/wp-content\/uploads\/2026\/02\/3HXgtyfCULzaf.jpg 1024w, https:\/\/murkali.guru\/wp-content\/uploads\/2026\/02\/3HXgtyfCULzaf-300x225.jpg 300w, https:\/\/murkali.guru\/wp-content\/uploads\/2026\/02\/3HXgtyfCULzaf-768x576.jpg 768w\" sizes=\"auto, (max-width: 1024px) 100vw, 1024px\" \/><\/figure>\n\n\n\n<p>Espa\u00f1a es un pa\u00eds incre\u00edble para el caravaning, pero tiene sus reglas. No es lo mismo aparcar que acampar, y si no sabes la diferencia, la Guardia Civil te lo explicar\u00e1 con una multa que te quitar\u00e1 las ganas de ver el atardecer. En mi peque\u00f1o negocio, lo que buscamos es que te lleves un veh\u00edculo fiable. No son naves espaciales, son herramientas de viaje. Mis campers est\u00e1n pensadas para que sean f\u00e1ciles de conducir por las carreteras estrechas de los pueblos blancos de Andaluc\u00eda y para que no sufras aparcando en un parking normal.<\/p>\n\n\n\n<p>==============================<\/p>\n\n\n\n<blockquote class=\"wp-block-quote is-layout-flow wp-block-quote-is-layout-flow\">\n<blockquote class=\"wp-block-quote is-layout-flow wp-block-quote-is-layout-flow\">\n<p>Lo primero es elegir el tama\u00f1o adecuado. Si sois dos, no alquiles un bicho de siete metros; te vas a arrepentir en la primera curva de monta\u00f1a.<br>Revisa siempre el seguro. En mis alquileres todo est\u00e1 claro desde el minuto uno: sin letra peque\u00f1a que te arruine la fianza por un ara\u00f1azo de una rama.<br>La autonom\u00eda es la clave. Mis furgos llevan placas solares porque s\u00e9 que no quieres estar encerrado en un camping todas las noches pagando 30 euros por un trozo de c\u00e9sped.<br>El menaje de cocina est\u00e1 incluido. No entiendo a esas empresas que te cobran aparte por las sartenes. Si alquilas una cocina, pues va con sus cacharros.<br>La limpieza es mi obsesi\u00f3n. Como antiguo mec\u00e1nico, s\u00e9 que un motor limpio y un interior desinfectado son la base de un buen viaje.<\/p>\n<\/blockquote>\n<\/blockquote>\n\n\n\n<p>==============================<\/p>\n\n\n\n<p>[ CONSEJO DE PABLO ]<br>Antes de salir de mi nave en M\u00e1laga, revisamos juntos todos los niveles. No te cortes en preguntar c\u00f3mo se vac\u00eda el poti (el WC qu\u00edmico). Es la parte menos glamurosa del viaje, pero si lo haces mal, la experiencia ser\u00e1\u2026 inolvidable, y no en el buen sentido. T\u00f3mate diez minutos para aprender el panel de control; te ahorrar\u00e1 llamadas de p\u00e1nico a las once de la noche.<\/p>\n\n\n\n<figure class=\"wp-block-image size-large\"><img loading=\"lazy\" decoding=\"async\" width=\"1024\" height=\"819\" src=\"https:\/\/murkali.guru\/wp-content\/uploads\/2026\/02\/4dotInPrQVI-1024x819.jpg\" alt=\"\" class=\"wp-image-13\" srcset=\"https:\/\/murkali.guru\/wp-content\/uploads\/2026\/02\/4dotInPrQVI-1024x819.jpg 1024w, https:\/\/murkali.guru\/wp-content\/uploads\/2026\/02\/4dotInPrQVI-300x240.jpg 300w, https:\/\/murkali.guru\/wp-content\/uploads\/2026\/02\/4dotInPrQVI-768x614.jpg 768w, https:\/\/murkali.guru\/wp-content\/uploads\/2026\/02\/4dotInPrQVI.jpg 1280w\" sizes=\"auto, (max-width: 1024px) 100vw, 1024px\" \/><\/figure>\n\n\n\n<p>La gente suele preguntar si es dif\u00edcil conducir estos bichos. Pues mira, si sabes llevar un coche grande, sabes llevar una camper. Solo hay que tener ojo con la altura. Los puentes bajos y las ramas de los \u00e1rboles son los enemigos naturales del techo de fibra. Yo siempre digo: si tienes dudas, b\u00e1jate y mira. M\u00e1s vale perder un minuto que perder el techo y la fianza. Espa\u00f1a te ofrece desde los Pirineos hasta las playas de Tarifa, y hacerlo en camper te permite cambiar de planes seg\u00fan sople el viento. Si te gusta un sitio, te quedas; si los vecinos son ruidosos, arrancas y te vas. As\u00ed de simple es la vida que te propongo desde mi rinc\u00f3n en M\u00e1laga.<\/p>\n","protected":false},"excerpt":{"rendered":"<p>Hola, soy Pablo. Si est\u00e1s leyendo esto, seguramente est\u00e1s planeando recorrer Espa\u00f1a sobre ruedas. No voy a venderte la moto con frases de pel\u00edcula sobre la libertad absoluta; prefiero contarte la verdad de quien lleva a\u00f1os manteniendo estas \u00abcasas con motor\u00bb. Alquilar un camper en un sitio como M\u00e1laga es una idea excelente, pero hay [&hellip;]<\/p>\n","protected":false},"author":1,"featured_media":0,"parent":0,"menu_order":1,"comment_status":"closed","ping_status":"closed","template":"","meta":{"footnotes":""},"class_list":["post-10","page","type-page","status-publish","hentry"],"_links":{"self":[{"href":"https:\/\/murkali.guru\/index.php\/wp-json\/wp\/v2\/pages\/10","targetHints":{"allow":["GET"]}}],"collection":[{"href":"https:\/\/murkali.guru\/index.php\/wp-json\/wp\/v2\/pages"}],"about":[{"href":"https:\/\/murkali.guru\/index.php\/wp-json\/wp\/v2\/types\/page"}],"author":[{"embeddable":true,"href":"https:\/\/murkali.guru\/index.php\/wp-json\/wp\/v2\/users\/1"}],"replies":[{"embeddable":true,"href":"https:\/\/murkali.guru\/index.php\/wp-json\/wp\/v2\/comments?post=10"}],"version-history":[{"count":1,"href":"https:\/\/murkali.guru\/index.php\/wp-json\/wp\/v2\/pages\/10\/revisions"}],"predecessor-version":[{"id":14,"href":"https:\/\/murkali.guru\/index.php\/wp-json\/wp\/v2\/pages\/10\/revisions\/14"}],"wp:attachment":[{"href":"https:\/\/murkali.guru\/index.php\/wp-json\/wp\/v2\/media?parent=10"}],"curies":[{"name":"wp","href":"https:\/\/api.w.org\/{rel}","templated":true}]}}