{"id":15,"date":"2026-02-24T16:32:26","date_gmt":"2026-02-24T16:32:26","guid":{"rendered":"https:\/\/murkali.guru\/?page_id=15"},"modified":"2026-02-24T16:32:33","modified_gmt":"2026-02-24T16:32:33","slug":"rutas-en-autocaravana","status":"publish","type":"page","link":"https:\/\/murkali.guru\/index.php\/rutas-en-autocaravana\/","title":{"rendered":"Rutas en autocaravana"},"content":{"rendered":"\n<p>Cuando la gente viene a recoger el camper, siempre me preguntan: \u00ab\u00bfPablo, a d\u00f3nde voy?\u00bb. Pues mira, saliendo de M\u00e1laga tienes el mundo a tus pies, pero yo siempre recomiendo empezar por lo que tenemos cerca. Andaluc\u00eda es un para\u00edso si sabes moverte. No hace falta cruzar media Espa\u00f1a para ver paisajes de infarto. Puedes subir a la Alpujarra granadina o perderte por las playas de Cabo de Gata en Almer\u00eda. Pero ojo, que ir en autocaravana no es ir en un coche cualquiera; tienes que planificar un poco d\u00f3nde vas a dormir y, sobre todo, d\u00f3nde vas a rellenar el agua y vaciar los dep\u00f3sitos.<\/p>\n\n\n\n<figure class=\"wp-block-image size-large\"><img loading=\"lazy\" decoding=\"async\" width=\"1024\" height=\"768\" src=\"https:\/\/murkali.guru\/wp-content\/uploads\/2026\/02\/Aa7GjrC-1024x768.jpg\" alt=\"\" class=\"wp-image-16\" srcset=\"https:\/\/murkali.guru\/wp-content\/uploads\/2026\/02\/Aa7GjrC-1024x768.jpg 1024w, https:\/\/murkali.guru\/wp-content\/uploads\/2026\/02\/Aa7GjrC-300x225.jpg 300w, https:\/\/murkali.guru\/wp-content\/uploads\/2026\/02\/Aa7GjrC-768x576.jpg 768w, https:\/\/murkali.guru\/wp-content\/uploads\/2026\/02\/Aa7GjrC.jpg 1200w\" sizes=\"auto, (max-width: 1024px) 100vw, 1024px\" \/><\/figure>\n\n\n\n<p>El mayor error del novato es querer ver cinco ciudades en tres d\u00edas. Eso no es viajar, eso es una marat\u00f3n de autopistas. Yo siempre aconsejo rutas lentas. Disfruta de la carretera secundaria, para en el bar de un pueblo a comprar pan de verdad y no tengas prisa por llegar. Mi camper no corre, se desplaza. Y ah\u00ed est\u00e1 la gracia. En Espa\u00f1a tenemos la suerte de tener muchas \u00e1reas de pernocta gratuitas o muy baratas que est\u00e1n fenomenal, pero tambi\u00e9n hay que saber que en verano la costa est\u00e1 muy vigilada. No pongas el toldo y saques las sillas en cualquier parking si no quieres que te den un toque.<\/p>\n\n\n\n<p>==============================<\/p>\n\n\n\n<blockquote class=\"wp-block-quote is-layout-flow wp-block-quote-is-layout-flow\">\n<blockquote class=\"wp-block-quote is-layout-flow wp-block-quote-is-layout-flow\">\n<p>La Costa de la Luz en C\u00e1diz es espectacular, pero cuidado con el levante; el viento all\u00ed puede moverte la furgo mientras duermes.<br>Sierra de Grazalema ofrece unas vistas incre\u00edbles, pero las carreteras son de las de \u00abcurva y contra-curva\u00bb. Solo para conductores con paciencia.<br>En Almer\u00eda, el Cabo de Gata es el sitio m\u00e1s virgen que queda, pero es parque natural. Ni se te ocurra dejar basura ni pernoctar fuera de los sitios permitidos.<br>La zona de Ronda es un cl\u00e1sico. Aparcar cerca del tajo y ver el puente al amanecer es algo que no tiene precio.<br>Aprovecha las apps de camping. Hay un par de ellas que funcionan muy bien en Espa\u00f1a y te dicen d\u00f3nde hay agua limpia y d\u00f3nde no te van a echar.<\/p>\n<\/blockquote>\n<\/blockquote>\n\n\n\n<p>==============================<\/p>\n\n\n\n<p>[ CONSEJO DE PABLO ]<br>Desc\u00e1rgate \u00abPark4Night\u00bb pero lee siempre los comentarios m\u00e1s recientes. En Espa\u00f1a las ordenanzas municipales cambian de un mes para otro. Si alguien puso hace una semana que le multaron en un sitio, no te arriesgues pensando que t\u00fa tendr\u00e1s m\u00e1s suerte. La Guardia Civil hace su trabajo y en las zonas tur\u00edsticas no pasan ni una.<\/p>\n\n\n\n<p>Hacer una ruta en camper es tambi\u00e9n una lecci\u00f3n de ahorro de recursos. En casa abres el grifo y el agua parece infinita. En la furgo, cuando ves que el dep\u00f3sito de 100 litros baja, aprendes a ducharte r\u00e1pido y a fregar con lo justo. Es algo que a los cr\u00edos les encanta, por cierto. Se vuelven muy responsables con el agua y la bater\u00eda. Yo trato de que mis veh\u00edculos sean lo m\u00e1s eficientes posible para que no tengas que estar buscando un enchufe cada dos por tres. Al final, lo que te queda de la ruta no es el monumento famoso, sino el caf\u00e9 que te tomaste frente a un acantilado sin nadie m\u00e1s alrededor. Esa es la libertad que yo entiendo y la que quiero que disfrutes con uno de mis trastos.<\/p>\n","protected":false},"excerpt":{"rendered":"<p>Cuando la gente viene a recoger el camper, siempre me preguntan: \u00ab\u00bfPablo, a d\u00f3nde voy?\u00bb. Pues mira, saliendo de M\u00e1laga tienes el mundo a tus pies, pero yo siempre recomiendo empezar por lo que tenemos cerca. Andaluc\u00eda es un para\u00edso si sabes moverte. No hace falta cruzar media Espa\u00f1a para ver paisajes de infarto. Puedes [&hellip;]<\/p>\n","protected":false},"author":1,"featured_media":0,"parent":0,"menu_order":2,"comment_status":"closed","ping_status":"closed","template":"","meta":{"footnotes":""},"class_list":["post-15","page","type-page","status-publish","hentry"],"_links":{"self":[{"href":"https:\/\/murkali.guru\/index.php\/wp-json\/wp\/v2\/pages\/15","targetHints":{"allow":["GET"]}}],"collection":[{"href":"https:\/\/murkali.guru\/index.php\/wp-json\/wp\/v2\/pages"}],"about":[{"href":"https:\/\/murkali.guru\/index.php\/wp-json\/wp\/v2\/types\/page"}],"author":[{"embeddable":true,"href":"https:\/\/murkali.guru\/index.php\/wp-json\/wp\/v2\/users\/1"}],"replies":[{"embeddable":true,"href":"https:\/\/murkali.guru\/index.php\/wp-json\/wp\/v2\/comments?post=15"}],"version-history":[{"count":1,"href":"https:\/\/murkali.guru\/index.php\/wp-json\/wp\/v2\/pages\/15\/revisions"}],"predecessor-version":[{"id":17,"href":"https:\/\/murkali.guru\/index.php\/wp-json\/wp\/v2\/pages\/15\/revisions\/17"}],"wp:attachment":[{"href":"https:\/\/murkali.guru\/index.php\/wp-json\/wp\/v2\/media?parent=15"}],"curies":[{"name":"wp","href":"https:\/\/api.w.org\/{rel}","templated":true}]}}