{"id":24,"date":"2026-02-24T16:34:50","date_gmt":"2026-02-24T16:34:50","guid":{"rendered":"https:\/\/murkali.guru\/?page_id=24"},"modified":"2026-02-24T16:34:53","modified_gmt":"2026-02-24T16:34:53","slug":"contacto","status":"publish","type":"page","link":"https:\/\/murkali.guru\/index.php\/contacto\/","title":{"rendered":"Contacto"},"content":{"rendered":"\n<p>\u00bfTienes alguna duda sobre la furgoneta o quieres saber si est\u00e1 disponible para tus fechas? Aqu\u00ed me tienes. Soy Pablo, y te atender\u00e9 personalmente para que tu viaje por Espa\u00f1a salga perfecto. No usamos centralitas autom\u00e1ticas ni formularios interminables.<\/p>\n\n\n\n<blockquote class=\"wp-block-quote is-layout-flow wp-block-quote-is-layout-flow\">\n<blockquote class=\"wp-block-quote is-layout-flow wp-block-quote-is-layout-flow\">\n<p><strong>Ubicaci\u00f3n de las campers:<\/strong><br>C. Jos\u00e9 Calder\u00f3n, 120, Campanillas, 29590 M\u00e1laga<\/p>\n\n\n\n<p><strong>Tel\u00e9fono y WhatsApp:<\/strong><br>+(34)\/912\/523\/124<\/p>\n\n\n\n<p><strong>Correo electr\u00f3nico:<\/strong><br>help@murkali.guru<\/p>\n<\/blockquote>\n<\/blockquote>\n","protected":false},"excerpt":{"rendered":"<p>\u00bfTienes alguna duda sobre la furgoneta o quieres saber si est\u00e1 disponible para tus fechas? Aqu\u00ed me tienes. Soy Pablo, y te atender\u00e9 personalmente para que tu viaje por Espa\u00f1a salga perfecto. No usamos centralitas autom\u00e1ticas ni formularios interminables.<\/p>\n","protected":false},"author":1,"featured_media":0,"parent":0,"menu_order":5,"comment_status":"closed","ping_status":"closed","template":"","meta":{"footnotes":""},"class_list":["post-24","page","type-page","status-publish","hentry"],"_links":{"self":[{"href":"https:\/\/murkali.guru\/index.php\/wp-json\/wp\/v2\/pages\/24","targetHints":{"allow":["GET"]}}],"collection":[{"href":"https:\/\/murkali.guru\/index.php\/wp-json\/wp\/v2\/pages"}],"about":[{"href":"https:\/\/murkali.guru\/index.php\/wp-json\/wp\/v2\/types\/page"}],"author":[{"embeddable":true,"href":"https:\/\/murkali.guru\/index.php\/wp-json\/wp\/v2\/users\/1"}],"replies":[{"embeddable":true,"href":"https:\/\/murkali.guru\/index.php\/wp-json\/wp\/v2\/comments?post=24"}],"version-history":[{"count":1,"href":"https:\/\/murkali.guru\/index.php\/wp-json\/wp\/v2\/pages\/24\/revisions"}],"predecessor-version":[{"id":25,"href":"https:\/\/murkali.guru\/index.php\/wp-json\/wp\/v2\/pages\/24\/revisions\/25"}],"wp:attachment":[{"href":"https:\/\/murkali.guru\/index.php\/wp-json\/wp\/v2\/media?parent=24"}],"curies":[{"name":"wp","href":"https:\/\/api.w.org\/{rel}","templated":true}]}}